{"id":1221,"date":"2020-10-05T22:09:34","date_gmt":"2020-10-05T20:09:34","guid":{"rendered":"https:\/\/www.menbaa.de\/home\/?page_id=1221"},"modified":"2020-10-05T22:09:35","modified_gmt":"2020-10-05T20:09:35","slug":"impressum-2","status":"publish","type":"page","link":"https:\/\/www.menbaa.de\/home\/impressum-2\/","title":{"rendered":"Impressum"},"content":{"rendered":"\n<p><b>Information according to \u00a7 5 DDG <\/b><\/p><p>menbaa Automobiltechnik GmbH<br \/>Markus Baatz<br\/>W\u00fcrzburger Stra\u00dfe 41<br\/>97246 Eibelstadt<br\/>Deutschland<br\/><\/p><p><b>Vertreten durch:<\/b> Markus Baatz<br\/><\/p><p><b>Kontakt:<\/b><br\/>Telefon: 499303984520<br\/>Fax: 499303984522<br\/>E-Mail: <span style=\"display: none !important;\">2SzmTMAjftG6tBG<\/span>info<span style=\"display: none !important;\">PJAUapdXvdPT7sQ<\/span>@<span style=\"display: none !important;\">HMimZ5eGOrHQiER<\/span>menbaa.de<span style=\"display: none !important;\">AkHPhMEWWUHZu1G<\/span><br\/><\/p><p><b>Registereintrag:<\/b><br\/>Register: Handelsregister<br\/>Register Ort: Amtsgericht Wuerzburg<br\/>Registernummer: HRB 10623<br\/><\/p><p><b>Umsatzsteuernummer:<\/b> DE 815168712<\/p><p><b>Haftungsausschluss<\/b><br \/><\/p><p><b>Haftung f\u00fcr Links:<\/b><br\/>Unser Angebot enth\u00e4lt Links zu externen Webseiten Dritter, auf deren Inhalte wir keinen Einfluss haben. Deshalb k\u00f6nnen wir f\u00fcr diese fremden Inhalte auch keine Gew\u00e4hr \u00fcbernehmen. F\u00fcr die Inhalte der verlinkten Seiten ist stets der jeweilige Anbieter oder Betreiber der Seiten verantwortlich. Die verlinkten Seiten wurden zum Zeitpunkt der Verlinkung auf m\u00f6gliche Rechtsverst\u00f6\u00dfe \u00fcberpr\u00fcft. Rechtswidrige Inhalte waren zum Zeitpunkt der Verlinkung nicht erkennbar. Eine permanente inhaltliche Kontrolle der verlinkten Seiten ist jedoch ohne konkrete Anhaltspunkte einer Rechtsverletzung nicht zumutbar. Bei Bekanntwerden von Rechtsverletzungen werden wir derartige Links umgehend entfernen.<\/p><p><b>Haftung f\u00fcr Inhalt:<\/b><br\/>The contents of our pages were created with the greatest care. However, we cannot assume any liability for the correctness, completeness and topicality of the contents. As a service provider, we are responsible for our own content on these pages in accordance with \u00a7 5 DDG and general laws. According to \u00a7 5 DDG we are not obliged to monitor transmitted or stored information from third parties or to investigate circumstances that indicate illegal activity. Obligations to remove or block the use of information according to general laws remain unaffected. However, liability in this respect is only possible from the time of knowledge of a concrete infringement. If we become aware of any such violations, we will remove the content in question immediately.<\/p><p><b>Urheberrecht<\/b><br \/>Die durch die Seitenbetreiber erstellten Inhalte und Werke auf diesen Seiten unterliegen dem deutschen Urheberrecht. Die Vervielf\u00e4ltigung, Bearbeitung, Verbreitung und jede Art der Verwertung au\u00dferhalb der Grenzen des Urheberrechtes bed\u00fcrfen der schriftlichen Zustimmung des jeweiligen Autors bzw. Erstellers. Downloads und Kopien dieser Seite sind nur f\u00fcr den privaten, nicht kommerziellen Gebrauch gestattet. Soweit die Inhalte auf dieser Seite nicht vom Betreiber erstellt wurden, werden die Urheberrechte Dritter beachtet. Insbesondere werden Inhalte Dritter als solche gekennzeichnet. Sollten Sie trotzdem auf eine Urheberrechtsverletzung aufmerksam werden, bitten wir um einen entsprechenden Hinweis. Bei Bekanntwerden von Rechtsverletzungen werden wir derartige Inhalte umgehend entfernen.<\/p><br \/><p>Wir weisen darauf hin, dass die Fotos unserer Mitarbeiter gem. &sect; 22 KUG (Recht am eigenen Bild) rechtlich gesch&uuml;tzt sind. Insbesondere sind Download, Manipulation, Ver&ouml;ffentlichung oder Vervielf&auml;ltigung der Bilder nicht erlaubt. Jede Verletzung des Rechts am eigenen Bild kann Anspr&uuml;che auf Unterlassung oder Schadensersatz nach sich ziehen.<br \/>\n&nbsp;<br \/>\n&nbsp;<br \/>\n<span style=\"font-size: 11pt;\"><strong>Streitschlichtung<\/strong><\/span><br \/>\nWir sind nicht bereit oder verpflichtet, an Streitbeilegungsverfahren vor einer Verbraucherschlichtungsstelle teilzunehmen.<br \/>\n&nbsp;<br \/>\n&nbsp;<br \/>\nDieses Impressum gilt ebenfalls f&uuml;r unsere Facebook-Seite<br \/>\n<a href=\"https:\/\/www.facebook.com\/pages\/menbaa-Automobiltechnik-GmbH\/148931741820277\" target=\"_blank\" rel=\"noopener\">menbaa Automobiltechnik GmbH<\/a>.<\/p>\n\n","protected":false},"excerpt":{"rendered":"","protected":false},"author":1,"featured_media":0,"parent":0,"menu_order":0,"comment_status":"closed","ping_status":"closed","template":"","meta":{"_exactmetrics_skip_tracking":false,"_exactmetrics_sitenote_active":false,"_exactmetrics_sitenote_note":"","_exactmetrics_sitenote_category":0,"jetpack_post_was_ever_published":false,"footnotes":""},"class_list":["post-1221","page","type-page","status-publish","hentry"],"jetpack_sharing_enabled":true,"jetpack_shortlink":"https:\/\/wp.me\/P9G1wc-jH","jetpack_likes_enabled":false,"jetpack-related-posts":[{"id":17,"url":"https:\/\/www.menbaa.de\/home\/impressum\/","url_meta":{"origin":1221,"position":0},"title":"Impressum (ALT)","author":"menbaa","date":"11. Dezember 2016","format":false,"excerpt":"Angaben gem\u00e4\u00df \u00a7 5 TMG: menbaa Automobiltechnik GmbH W\u00fcrzburger Strasse 41 97246 Eibelstadt Telefon: +49 9303 98452-0 Telefax: +49 9303 98452-2 E-Mail: info@menbaa.de Gesch\u00e4ftsf\u00fchrer: Markus Baatz Eintragung im Handelsregister. Registergericht: Amtsgericht W\u00fcrzburg Registernummer: HRB 10623 Umsatzsteuer-Identifikationsnummer gem\u00e4\u00df \u00a727 a Umsatzsteuergesetz: DE 815168712 Wir weisen darauf hin, dass die Fotos unserer\u2026","rel":"","context":"\u00c4hnlicher Beitrag","block_context":{"text":"\u00c4hnlicher Beitrag","link":""},"img":{"alt_text":"","src":"","width":0,"height":0},"classes":[]},{"id":16,"url":"https:\/\/www.menbaa.de\/home\/datenschutzerklaerung\/","url_meta":{"origin":1221,"position":1},"title":"Datenschutzerkl\u00e4rung (Alt)","author":"menbaa","date":"11. Dezember 2016","format":false,"excerpt":"Datenschutz Die Betreiber dieser Seiten nehmen den Schutz Ihrer pers\u00f6nlichen Daten sehr ernst. Wir behandeln Ihre personenbezogenen Daten vertraulich und entsprechend der gesetzlichen Datenschutzvorschriften sowie dieser Datenschutzerkl\u00e4rung. Die Nutzung unserer Website ist in der Regel ohne Angabe personenbezogener Daten m\u00f6glich. Soweit auf unseren Seiten personenbezogene Daten (beispielsweise Name, Anschrift oder\u2026","rel":"","context":"\u00c4hnlicher Beitrag","block_context":{"text":"\u00c4hnlicher Beitrag","link":""},"img":{"alt_text":"","src":"","width":0,"height":0},"classes":[]}],"_links":{"self":[{"href":"https:\/\/www.menbaa.de\/home\/wp-json\/wp\/v2\/pages\/1221","targetHints":{"allow":["GET"]}}],"collection":[{"href":"https:\/\/www.menbaa.de\/home\/wp-json\/wp\/v2\/pages"}],"about":[{"href":"https:\/\/www.menbaa.de\/home\/wp-json\/wp\/v2\/types\/page"}],"author":[{"embeddable":true,"href":"https:\/\/www.menbaa.de\/home\/wp-json\/wp\/v2\/users\/1"}],"replies":[{"embeddable":true,"href":"https:\/\/www.menbaa.de\/home\/wp-json\/wp\/v2\/comments?post=1221"}],"version-history":[{"count":0,"href":"https:\/\/www.menbaa.de\/home\/wp-json\/wp\/v2\/pages\/1221\/revisions"}],"wp:attachment":[{"href":"https:\/\/www.menbaa.de\/home\/wp-json\/wp\/v2\/media?parent=1221"}],"curies":[{"name":"wp","href":"https:\/\/api.w.org\/{rel}","templated":true}]}}