{"id":13,"date":"2016-12-11T12:32:00","date_gmt":"2016-12-11T11:32:00","guid":{"rendered":"http:\/\/www.menbaa.com\/home\/?page_id=13"},"modified":"2020-01-14T16:48:42","modified_gmt":"2020-01-14T15:48:42","slug":"unternehmen","status":"publish","type":"page","link":"https:\/\/www.menbaa.de\/home\/unternehmen\/","title":{"rendered":"Unternehmen"},"content":{"rendered":"<p><span style=\"font-size: 10pt;\">menbaa Automobiltechnik GmbH wurde im April 2010 von Menber&#8217;s s.p.a. und Markus Baatz mit dem Sitz in Eibelstadt bei W\u00fcrzburg gegr\u00fcndet.<\/span><\/p>\n<p><span style=\"font-size: 10pt;\">Die Firma menbaa tritt als Industrievertretung auf, die sich auf den Handel von Kfz-Teilen spezialisiert hat. menbaa bedient die Erstausr\u00fcstung und den Gro\u00dfhandel mit Teilen in OE-Qualit\u00e4t, die h\u00f6chsten Anspr\u00fcchen entsprechen.<\/span><\/p>\n<p><span style=\"font-size: 10pt;\">Unsere Produkte &#8211; h\u00f6chste Qualit\u00e4t f\u00fcr h\u00f6chste Anspr\u00fcche<\/span><br \/>\n\n<table id=\"tablepress-3\" class=\"tablepress tablepress-id-3\">\n<tbody>\n<tr class=\"row-1\">\n\t<td class=\"column-1\">\u2022 Stecker, Steckdosen, Elektrowendel<br \/>\n\u2022 Batterietrennschalter<br \/>\n\u2022 Druckluftwendel<br \/>\n\u2022 Sicherungen und Zubeh\u00f6r<br \/>\n\u2022 Starthilfekabel<\/td><td class=\"column-2\">\u2022 Feuerl\u00f6schboxen<br \/>\n\u2022 Warntafeln<br \/>\n\u2022 Konturmarkierungen<br \/>\n\u2022 Universal-, Passformsitzbez\u00fcge <br \/>\nund Fu\u00dfmatten f\u00fcr LKW &amp; Transporter<\/td>\n<\/tr>\n<\/tbody>\n<\/table>\n<\/p>\n","protected":false},"excerpt":{"rendered":"<p>menbaa Automobiltechnik GmbH wurde im April 2010 von Menber&#8217;s s.p.a. und Markus Baatz mit dem Sitz in Eibelstadt bei W\u00fcrzburg gegr\u00fcndet. Die Firma menbaa tritt als Industrievertretung auf, die sich auf den Handel von Kfz-Teilen spezialisiert hat. menbaa bedient die Erstausr\u00fcstung und den Gro\u00dfhandel mit Teilen in OE-Qualit\u00e4t, die h\u00f6chsten Anspr\u00fcchen entsprechen. Unsere Produkte &#8211; [&hellip;]<\/p>\n","protected":false},"author":1,"featured_media":0,"parent":0,"menu_order":0,"comment_status":"closed","ping_status":"closed","template":"","meta":{"_exactmetrics_skip_tracking":false,"_exactmetrics_sitenote_active":false,"_exactmetrics_sitenote_note":"","_exactmetrics_sitenote_category":0,"jetpack_post_was_ever_published":false,"footnotes":""},"class_list":["post-13","page","type-page","status-publish","hentry"],"jetpack_sharing_enabled":true,"jetpack_shortlink":"https:\/\/wp.me\/P9G1wc-d","jetpack_likes_enabled":false,"jetpack-related-posts":[{"id":65,"url":"https:\/\/www.menbaa.de\/home\/","url_meta":{"origin":13,"position":0},"title":"Startseite","author":"menbaa","date":"16. Februar 2018","format":false,"excerpt":"menbaa Automobiltechnik ist mit einem umfangreichen, hochwertigen Sortiment Ihr Spezialist f\u00fcr die Automobilsparte mit Schwerpunkt Elektrik und Nutzfahrzeuge. Als Industrievertretung und Spezialist f\u00fcr den Handel mit Kfz-Teilen bedienen wir die Erstausr\u00fcstung und den Gro\u00dfhandel mit\u00a0Produkten in OE-Qualit\u00e4t, die h\u00f6chsten Anspr\u00fcchen entsprechen. Unsere Kunden profitieren nicht nur von der hohen Qualit\u00e4t\u2026","rel":"","context":"\u00c4hnlicher Beitrag","block_context":{"text":"\u00c4hnlicher Beitrag","link":""},"img":{"alt_text":"","src":"","width":0,"height":0},"classes":[]},{"id":17,"url":"https:\/\/www.menbaa.de\/home\/impressum\/","url_meta":{"origin":13,"position":1},"title":"Impressum (ALT)","author":"menbaa","date":"11. Dezember 2016","format":false,"excerpt":"Angaben gem\u00e4\u00df \u00a7 5 TMG: menbaa Automobiltechnik GmbH W\u00fcrzburger Strasse 41 97246 Eibelstadt Telefon: +49 9303 98452-0 Telefax: +49 9303 98452-2 E-Mail: info@menbaa.de Gesch\u00e4ftsf\u00fchrer: Markus Baatz Eintragung im Handelsregister. Registergericht: Amtsgericht W\u00fcrzburg Registernummer: HRB 10623 Umsatzsteuer-Identifikationsnummer gem\u00e4\u00df \u00a727 a Umsatzsteuergesetz: DE 815168712 Wir weisen darauf hin, dass die Fotos unserer\u2026","rel":"","context":"\u00c4hnlicher Beitrag","block_context":{"text":"\u00c4hnlicher Beitrag","link":""},"img":{"alt_text":"","src":"","width":0,"height":0},"classes":[]},{"id":16,"url":"https:\/\/www.menbaa.de\/home\/datenschutzerklaerung\/","url_meta":{"origin":13,"position":2},"title":"Datenschutzerkl\u00e4rung (Alt)","author":"menbaa","date":"11. Dezember 2016","format":false,"excerpt":"Datenschutz Die Betreiber dieser Seiten nehmen den Schutz Ihrer pers\u00f6nlichen Daten sehr ernst. Wir behandeln Ihre personenbezogenen Daten vertraulich und entsprechend der gesetzlichen Datenschutzvorschriften sowie dieser Datenschutzerkl\u00e4rung. Die Nutzung unserer Website ist in der Regel ohne Angabe personenbezogener Daten m\u00f6glich. Soweit auf unseren Seiten personenbezogene Daten (beispielsweise Name, Anschrift oder\u2026","rel":"","context":"\u00c4hnlicher Beitrag","block_context":{"text":"\u00c4hnlicher Beitrag","link":""},"img":{"alt_text":"","src":"","width":0,"height":0},"classes":[]},{"id":550,"url":"https:\/\/www.menbaa.de\/home\/agb\/","url_meta":{"origin":13,"position":3},"title":"AGB","author":"menbaa","date":"11. Oktober 2018","format":false,"excerpt":"Allgemeine Gesch\u00e4ftsbedingung von menbaa Automobiltechnik GmbH Stand: 01.06.2018 1. Geltungsbereich Soweit nicht anders ausdr\u00fccklich vereinbart, gelten die nachstehenden Allgemeinen Gesch\u00e4ftsbedingungen f\u00fcr alle Vertr\u00e4ge, Lieferungen und sonstigen Leistungen im Gesch\u00e4ftsverkehr mit Unternehmern im Sinne des \u00a7 14 BGB, juristischen Personen des \u00f6ffentlichen Rechts oder \u00f6ffentlich-rechtlichen Sonderverm\u00f6gen (nachfolgend \u201eKunden\u201c genannt). Sie gelten\u2026","rel":"","context":"\u00c4hnlicher Beitrag","block_context":{"text":"\u00c4hnlicher Beitrag","link":""},"img":{"alt_text":"","src":"","width":0,"height":0},"classes":[]},{"id":14,"url":"https:\/\/www.menbaa.de\/home\/kontakt\/","url_meta":{"origin":13,"position":4},"title":"Kontakt","author":"menbaa","date":"11. Dezember 2016","format":false,"excerpt":"Bei Fragen k\u00f6nnen Sie sich nat\u00fcrlich gerne telefonisch an uns wenden. Sie erreichen uns von Montag bis Donnerstag von 9:00 bis 16:00 Uhr und Freitags von 9:00 bis 15:00 Uhr. menbaa Automobiltechnik GmbH W\u00fcrzburger Stra\u00dfe 41 97246 Eibelstadt Germany Telefon: +49 9303 984520 Telefax: +49 9303 984522","rel":"","context":"\u00c4hnlicher Beitrag","block_context":{"text":"\u00c4hnlicher Beitrag","link":""},"img":{"alt_text":"","src":"","width":0,"height":0},"classes":[]},{"id":860,"url":"https:\/\/www.menbaa.de\/home\/neuheiten\/","url_meta":{"origin":13,"position":5},"title":"Neuheiten","author":"Jonas Eberlein","date":"27. Februar 2019","format":false,"excerpt":"Passform-Sitzbez\u00fcge LKW Nato-Steckverbindungen Kabel auf Spulen Warnmarkierungen \"toter Winkel\" \u00a0 \u00a0 \u00a0 \u00a0 \u00a0 \u00a0 \u00a0","rel":"","context":"\u00c4hnlicher Beitrag","block_context":{"text":"\u00c4hnlicher Beitrag","link":""},"img":{"alt_text":"","src":"https:\/\/i0.wp.com\/www.menbaa.de\/home\/wp-content\/uploads\/2020\/09\/Vorschaubild-Passform-Sitzbez%C3%BCge-Q-R-S-210x300.jpg?resize=350%2C200&ssl=1","width":350,"height":200},"classes":[]}],"_links":{"self":[{"href":"https:\/\/www.menbaa.de\/home\/wp-json\/wp\/v2\/pages\/13","targetHints":{"allow":["GET"]}}],"collection":[{"href":"https:\/\/www.menbaa.de\/home\/wp-json\/wp\/v2\/pages"}],"about":[{"href":"https:\/\/www.menbaa.de\/home\/wp-json\/wp\/v2\/types\/page"}],"author":[{"embeddable":true,"href":"https:\/\/www.menbaa.de\/home\/wp-json\/wp\/v2\/users\/1"}],"replies":[{"embeddable":true,"href":"https:\/\/www.menbaa.de\/home\/wp-json\/wp\/v2\/comments?post=13"}],"version-history":[{"count":0,"href":"https:\/\/www.menbaa.de\/home\/wp-json\/wp\/v2\/pages\/13\/revisions"}],"wp:attachment":[{"href":"https:\/\/www.menbaa.de\/home\/wp-json\/wp\/v2\/media?parent=13"}],"curies":[{"name":"wp","href":"https:\/\/api.w.org\/{rel}","templated":true}]}}