{"id":14,"date":"2016-12-11T12:32:00","date_gmt":"2016-12-11T11:32:00","guid":{"rendered":"http:\/\/www.menbaa.com\/home\/?page_id=14"},"modified":"2020-09-30T12:54:20","modified_gmt":"2020-09-30T10:54:20","slug":"kontakt","status":"publish","type":"page","link":"https:\/\/www.menbaa.de\/home\/kontakt\/","title":{"rendered":"Kontakt"},"content":{"rendered":"<form method=\"post\" id=\"cntctfrm_contact_form\" class=\"cntctfrm_contact_form cntctfrm_two_columns cntctfrm_ltr cntctfrm_width_default\" action=\"\/home\/wp-json\/wp\/v2\/pages\/14#cntctfrm_contact_form\" enctype=\"multipart\/form-data\"><div id=\"cntctfrm_first_column\" class=\"cntctfrm_column\"><div class=\"cntctfrm_field_wrap cntctfrm_field_name_wrap\"namecontact><div class=\"cntctfrm_label cntctfrm_label_name\">\n\t\t\t\t\t\t\t\t\t<label for=\"cntctfrm_contact_name\">Name: <span class=\"required\">*<\/span><\/label><\/div><div class=\"cntctfrm_input cntctfrm_input_name\">\n\t\t\t\t\t\t\t\t\t<input namecontact class=\"text\" type=\"text\" size=\"40\" pattern=\"^([\\p{L}\\p{M}]{2,}(\\s)*(\\p{L}+\\p{M}*-*){1,})|([\\p{L}\\p{M}]{3,})\" title=\"Bitte nur Buchstaben mit mindestens 3 Zeichen eingeben, W\u00f6rter durch Leerzeichen getrennt\" value=\"\" name=\"cntctfrm_contact_name\" id=\"cntctfrm_contact_name\" \/><\/div><\/div><div class=\"cntctfrm_field_wrap cntctfrm_field_email_wrap\"email><div class=\"cntctfrm_label cntctfrm_label_email\">\n\t\t\t\t\t\t\t\t\t<label for=\"cntctfrm_contact_email\">E-Mail Adresse:: <span class=\"required\">*<\/span><\/label>\n\t\t\t\t\t\t\t\t<\/div><div class=\"cntctfrm_input cntctfrm_input_email\">\n\t\t\t\t\t\t\t\t\t<input email class=\"text\" type=\"email\" size=\"40\" value=\"\" name=\"cntctfrm_contact_email\" id=\"cntctfrm_contact_email\" \/><\/div><\/div><div class=\"cntctfrm_field_wrap cntctfrm_field_attachment_wrap\"><div class=\"cntctfrm_checkbox cntctfrm_checkbox_send_copy\">\n\t\t\t\t\t\t\t\t\t<input type=\"checkbox\" value=\"1\" name=\"cntctfrm_contact_send_copy\" id=\"cntctfrm_contact_send_copy\" \/>\n\t\t\t\t\t\t\t\t\t<label for=\"cntctfrm_contact_send_copy\">Kopie an mich senden<\/label><\/div><\/div><div class=\"cntctfrm_field_wrap cntctfrm_field_captcha_wrap\"><div class=\"cntctfrm_label cntctfrm_label_captcha\">\n\t\t\t\t\t\t\t\t\t\t\t<label><\/label>\n\t\t\t\t\t\t\t\t\t\t<\/div><div class=\"cntctfrm_input cntctfrm_input_captcha\"><div class=\"gglcptch gglcptch_v2\"><div id=\"gglcptch_recaptcha_2194237158\" class=\"gglcptch_recaptcha\"><\/div>\n\t\t\t\t<noscript>\n\t\t\t\t\t<div style=\"width: 302px;\">\n\t\t\t\t\t\t<div style=\"width: 302px; height: 422px; position: relative;\">\n\t\t\t\t\t\t\t<div style=\"width: 302px; height: 422px; position: absolute;\">\n\t\t\t\t\t\t\t\t<iframe src=\"https:\/\/www.google.com\/recaptcha\/api\/fallback?k=6LcuDUcUAAAAANpcDGavO1BXgkWuys9DddBHEqpU\" frameborder=\"0\" scrolling=\"no\" style=\"width: 302px; height:422px; border-style: none;\"><\/iframe>\n\t\t\t\t\t\t\t<\/div>\n\t\t\t\t\t\t<\/div>\n\t\t\t\t\t\t<div style=\"border-style: none; bottom: 12px; left: 25px; margin: 0px; padding: 0px; right: 25px; background: #f9f9f9; border: 1px solid #c1c1c1; border-radius: 3px; height: 60px; width: 300px;\">\n\t\t\t\t\t\t\t<input type=\"hidden\" id=\"g-recaptcha-response\" name=\"g-recaptcha-response\" class=\"g-recaptcha-response\" style=\"width: 250px !important; height: 40px !important; border: 1px solid #c1c1c1 !important; margin: 10px 25px !important; padding: 0px !important; resize: none !important;\">\n\t\t\t\t\t\t<\/div>\n\t\t\t\t\t<\/div>\n\t\t\t\t<\/noscript><\/div><\/div><\/div><\/div><div id=\"cntctfrm_second_column\" class=\"cntctfrm_column\"><div class=\"cntctfrm_field_wrap cntctfrm_field_subject_wrap\"subject><div class=\"cntctfrm_label cntctfrm_label_subject\">\n\t\t\t\t\t\t\t\t\t<label for=\"cntctfrm_contact_subject\">Betreff: <span class=\"required\">*<\/span><\/label>\n\t\t\t\t\t\t\t\t<\/div><div class=\"cntctfrm_input cntctfrm_input_subject\">\n\t\t\t\t\t\t\t\t<input subject pattern=\"^\\p{L}{1,}([\\p{L}\\s]){2,}\" title=\"Please enter only letters at least 3 characters, words seperated by spaces\" class=\"text\" type=\"text\" size=\"40\" value=\"\" name=\"cntctfrm_contact_subject\" id=\"cntctfrm_contact_subject\" \/><\/div><\/div><div class=\"cntctfrm_field_wrap cntctfrm_field_message_wrap\"message><div class=\"cntctfrm_label cntctfrm_label_message\">\n\t\t\t\t\t\t\t\t<label for=\"cntctfrm_contact_message\">Inhalt: <span class=\"required\">*<\/span><\/label>\n\t\t\t\t\t\t\t<\/div><div class=\"cntctfrm_input cntctfrm_input_message\">\n\t\t\t\t\t\t\t\t<textarea message rows=\"5\" cols=\"30\"name=\"cntctfrm_contact_message\" id=\"cntctfrm_contact_message\"><\/textarea><\/div><\/div><\/div><div class=\"clear\"><\/div><div class=\"cntctfrm_submit_wrap\"><div id=\"cntctfrm_submit_first_column\" class=\"cntctfrm_column\"><div class=\"cntctfrm_input cntctfrm_input_submit\"><input type=\"hidden\" value=\"send\" name=\"cntctfrm_contact_action\">\n\t\t\t\t\t\t\t<input type=\"hidden\" value=\"default\" name=\"cntctfrm_language\">\n\t\t\t\t\t\t\t<input type=\"hidden\" value=\"1\" name=\"cntctfrm_form_submited\">\n\t\t\t\t\t\t\t<input type=\"hidden\" value=\"cntctfrm_options\" name=\"cntctfrm_options_name\">\n\t\t\t\t\t\t\t<input type=\"submit\" value=\"Senden\" class=\"cntctfrm_contact_submit\" id=\"1\" \/>\n\t\t\t\t\t\t<\/div><\/div><div id=\"cntctfrm_submit_second_column\" class=\"cntctfrm_column\"><\/div><div class=\"clear\"><\/div>\n\t\t\t<\/div>\n\t\t\t<\/form>\n<p>Bei Fragen k\u00f6nnen Sie sich nat\u00fcrlich gerne telefonisch an uns wenden.<br \/>\nSie erreichen uns von Montag bis Donnerstag von 9:00 bis 16:00 Uhr<br \/>\nund Freitags von 9:00 bis 15:00 Uhr.<\/p>\n<p>menbaa Automobiltechnik GmbH<br \/>\nW\u00fcrzburger Stra\u00dfe 41<br \/>\n97246 Eibelstadt<br \/>\nGermany<\/p>\n<p>Telefon: +49 9303 984520<br \/>\nTelefax: +49 9303 984522<\/p>\n","protected":false},"excerpt":{"rendered":"<p>Bei Fragen k\u00f6nnen Sie sich nat\u00fcrlich gerne telefonisch an uns wenden. Sie erreichen uns von Montag bis Donnerstag von 9:00 bis 16:00 Uhr und Freitags von 9:00 bis 15:00 Uhr. menbaa Automobiltechnik GmbH W\u00fcrzburger Stra\u00dfe 41 97246 Eibelstadt Germany Telefon: +49 9303 984520 Telefax: +49 9303 984522<\/p>\n","protected":false},"author":1,"featured_media":0,"parent":0,"menu_order":0,"comment_status":"closed","ping_status":"closed","template":"","meta":{"_exactmetrics_skip_tracking":false,"_exactmetrics_sitenote_active":false,"_exactmetrics_sitenote_note":"","_exactmetrics_sitenote_category":0,"footnotes":""},"class_list":["post-14","page","type-page","status-publish","hentry"],"jetpack_sharing_enabled":true,"jetpack_shortlink":"https:\/\/wp.me\/P9G1wc-e","jetpack_likes_enabled":false,"jetpack-related-posts":[{"id":17,"url":"https:\/\/www.menbaa.de\/home\/impressum\/","url_meta":{"origin":14,"position":0},"title":"Impressum (ALT)","author":"menbaa","date":"11. Dezember 2016","format":false,"excerpt":"Angaben gem\u00e4\u00df \u00a7 5 TMG: menbaa Automobiltechnik GmbH W\u00fcrzburger Strasse 41 97246 Eibelstadt Telefon: +49 9303 98452-0 Telefax: +49 9303 98452-2 E-Mail: info@menbaa.de Gesch\u00e4ftsf\u00fchrer: Markus Baatz Eintragung im Handelsregister. Registergericht: Amtsgericht W\u00fcrzburg Registernummer: HRB 10623 Umsatzsteuer-Identifikationsnummer gem\u00e4\u00df \u00a727 a Umsatzsteuergesetz: DE 815168712 Wir weisen darauf hin, dass die Fotos unserer\u2026","rel":"","context":"\u00c4hnlicher Beitrag","block_context":{"text":"\u00c4hnlicher Beitrag","link":""},"img":{"alt_text":"","src":"","width":0,"height":0},"classes":[]},{"id":16,"url":"https:\/\/www.menbaa.de\/home\/datenschutzerklaerung\/","url_meta":{"origin":14,"position":1},"title":"Datenschutzerkl\u00e4rung (Alt)","author":"menbaa","date":"11. Dezember 2016","format":false,"excerpt":"Datenschutz Die Betreiber dieser Seiten nehmen den Schutz Ihrer pers\u00f6nlichen Daten sehr ernst. Wir behandeln Ihre personenbezogenen Daten vertraulich und entsprechend der gesetzlichen Datenschutzvorschriften sowie dieser Datenschutzerkl\u00e4rung. Die Nutzung unserer Website ist in der Regel ohne Angabe personenbezogener Daten m\u00f6glich. Soweit auf unseren Seiten personenbezogene Daten (beispielsweise Name, Anschrift oder\u2026","rel":"","context":"\u00c4hnlicher Beitrag","block_context":{"text":"\u00c4hnlicher Beitrag","link":""},"img":{"alt_text":"","src":"","width":0,"height":0},"classes":[]},{"id":550,"url":"https:\/\/www.menbaa.de\/home\/agb\/","url_meta":{"origin":14,"position":2},"title":"AGB","author":"menbaa","date":"11. Oktober 2018","format":false,"excerpt":"Allgemeine Gesch\u00e4ftsbedingung von menbaa Automobiltechnik GmbH Stand: 01.06.2018 1. Geltungsbereich Soweit nicht anders ausdr\u00fccklich vereinbart, gelten die nachstehenden Allgemeinen Gesch\u00e4ftsbedingungen f\u00fcr alle Vertr\u00e4ge, Lieferungen und sonstigen Leistungen im Gesch\u00e4ftsverkehr mit Unternehmern im Sinne des \u00a7 14 BGB, juristischen Personen des \u00f6ffentlichen Rechts oder \u00f6ffentlich-rechtlichen Sonderverm\u00f6gen (nachfolgend \u201eKunden\u201c genannt). Sie gelten\u2026","rel":"","context":"\u00c4hnlicher Beitrag","block_context":{"text":"\u00c4hnlicher Beitrag","link":""},"img":{"alt_text":"","src":"","width":0,"height":0},"classes":[]},{"id":13,"url":"https:\/\/www.menbaa.de\/home\/unternehmen\/","url_meta":{"origin":14,"position":3},"title":"Unternehmen","author":"menbaa","date":"11. Dezember 2016","format":false,"excerpt":"menbaa Automobiltechnik GmbH wurde im April 2010 von Menber's s.p.a. und Markus Baatz mit dem Sitz in Eibelstadt bei W\u00fcrzburg gegr\u00fcndet. Die Firma menbaa tritt als Industrievertretung auf, die sich auf den Handel von Kfz-Teilen spezialisiert hat. menbaa bedient die Erstausr\u00fcstung und den Gro\u00dfhandel mit Teilen in OE-Qualit\u00e4t, die h\u00f6chsten\u2026","rel":"","context":"\u00c4hnlicher Beitrag","block_context":{"text":"\u00c4hnlicher Beitrag","link":""},"img":{"alt_text":"","src":"","width":0,"height":0},"classes":[]},{"id":65,"url":"https:\/\/www.menbaa.de\/home\/","url_meta":{"origin":14,"position":4},"title":"Startseite","author":"menbaa","date":"16. Februar 2018","format":false,"excerpt":"menbaa Automobiltechnik ist mit einem umfangreichen, hochwertigen Sortiment Ihr Spezialist f\u00fcr die Automobilsparte mit Schwerpunkt Elektrik und Nutzfahrzeuge. Als Industrievertretung und Spezialist f\u00fcr den Handel mit Kfz-Teilen bedienen wir die Erstausr\u00fcstung und den Gro\u00dfhandel mit\u00a0Produkten in OE-Qualit\u00e4t, die h\u00f6chsten Anspr\u00fcchen entsprechen. Unsere Kunden profitieren nicht nur von der hohen Qualit\u00e4t\u2026","rel":"","context":"\u00c4hnlicher Beitrag","block_context":{"text":"\u00c4hnlicher Beitrag","link":""},"img":{"alt_text":"","src":"","width":0,"height":0},"classes":[]}],"_links":{"self":[{"href":"https:\/\/www.menbaa.de\/home\/wp-json\/wp\/v2\/pages\/14","targetHints":{"allow":["GET"]}}],"collection":[{"href":"https:\/\/www.menbaa.de\/home\/wp-json\/wp\/v2\/pages"}],"about":[{"href":"https:\/\/www.menbaa.de\/home\/wp-json\/wp\/v2\/types\/page"}],"author":[{"embeddable":true,"href":"https:\/\/www.menbaa.de\/home\/wp-json\/wp\/v2\/users\/1"}],"replies":[{"embeddable":true,"href":"https:\/\/www.menbaa.de\/home\/wp-json\/wp\/v2\/comments?post=14"}],"version-history":[{"count":0,"href":"https:\/\/www.menbaa.de\/home\/wp-json\/wp\/v2\/pages\/14\/revisions"}],"wp:attachment":[{"href":"https:\/\/www.menbaa.de\/home\/wp-json\/wp\/v2\/media?parent=14"}],"curies":[{"name":"wp","href":"https:\/\/api.w.org\/{rel}","templated":true}]}}